{"id":30163,"date":"2017-09-14T04:08:02","date_gmt":"2017-09-14T02:08:02","guid":{"rendered":"https:\/\/www.www.poltronova.it\/terms-conditions\/"},"modified":"2021-04-27T17:35:40","modified_gmt":"2021-04-27T15:35:40","slug":"vendita-online-termini-e-condizioni","status":"publish","type":"page","link":"https:\/\/www.poltronova.it\/it\/vendita-online-termini-e-condizioni\/","title":{"rendered":"Vendita Online &#8211; Termini e Condizioni"},"content":{"rendered":"<div class=\"wpb-content-wrapper\"><p>[vc_row css=&#8221;.vc_custom_1486465845131{padding-top: 44px !important;padding-bottom: 42px !important;}&#8221;][vc_column css=&#8221;.vc_custom_1486465801641{padding-right: 5% !important;}&#8221; offset=&#8221;vc_col-lg-6&#8243;][vc_column_text]<\/p>\n<h4><span style=\"font-weight: bold; color: #0c0c0c;\">I<\/span>NFORMAZIONI SU PAGAMENTI E SPEDIZIONI<\/h4>\n<p>[\/vc_column_text][vc_empty_space height=&#8221;20px&#8221;][vc_column_text]<b>Come ordinare<\/b>[\/vc_column_text][vc_column_text]I libri in catalogo possono essere ordinati sul sito attraverso il carrello, oppure inviando una e-mail a <a href=\"mailto:sales@poltronova.it\" target=\"_blank\" rel=\"noopener noreferrer\">sales@poltronova.it<\/a>.[\/vc_column_text][vc_empty_space height=&#8221;20px&#8221;][vc_column_text]<b>Dove spediamo<\/b>[\/vc_column_text][vc_column_text]Spediamo in tutto il mondo.[\/vc_column_text][vc_empty_space height=&#8221;20px&#8221;][vc_column_text]<b>Spedizioni in Italia<\/b>[\/vc_column_text][vc_column_text]In Italia tutte le spedizioni vengono realizzate attraverso corriere (posta tracciata). La spedizione ha un costo variabile in base al peso e al paese di destinazione.[\/vc_column_text][vc_empty_space height=&#8221;20px&#8221;][vc_column_text]<b>Spedizioni nel resto del mondo<\/b>[\/vc_column_text][vc_column_text]Per le spedizioni al di fuori dell&#8217;Italia i costi di spedizioni possono variare a seconda di peso del pacchetto e luogo di destinazione. I costi della tua spedizione vengono visualizzati sulla pagina del carrello dopo aver scelti i prodotti da acquistare e dopo aver inserito l\u2019indirizzo di destinazione. Segnaliamo che gli acquisti effettuati al di fuori dell&#8217;Italia potrebbero essere soggetti a dazi e tasse di importazione. Qualsiasi costo aggiuntivo di sdoganamento sar\u00e0 a carico dell\u2019acquirente.[\/vc_column_text][\/vc_column][vc_column css=&#8221;.vc_custom_1486465810994{padding-right: 5% !important;}&#8221; offset=&#8221;vc_col-lg-6&#8243;][vc_empty_space height=&#8221;65px&#8221;][vc_column_text]<b>Pagamento<\/b>[\/vc_column_text][vc_column_text]Il pagamento pu\u00f2 essere effettuato attraverso PayPal (non \u00e8 necessario avere un account, sulla pagina di PayPal \u00e8 possibile pagare anche con carta di credito).[\/vc_column_text][vc_empty_space height=&#8221;20px&#8221;][vc_column_text]<b>Politica di recesso e rimborso dei prodotti<\/b>[\/vc_column_text][vc_column_text]Se realizzi acquisti sul sito hai diritto di recesso gratuito entro 14 giorni dal momento della consegna della merce. Entro questo termine potrai contattarci, mezzo raccomandata a\/r, anticipata via mail, per comunicarci la tua decisione di recedere il contratto d&#8217;acquisto. Nel caso in cui eserciti il diritto di recesso sei tenuto a indicare nella comunicazione se vuoi restituire il bene rispedendocelo o se ne richiedi il ritiro. Una volta verificata l\u2019integrit\u00e0 del prodotto restituito, provvederemo a rimborsarti l\u2019intero importo dei prodotti restituiti e le spese di spedizione eventualmente sostenute. Il rimborso avverr\u00e0 attraverso lo stesso mezzo di pagamento usato per la transazione iniziale.[\/vc_column_text][vc_empty_space height=&#8221;65px&#8221;][vc_separator color=&#8221;black&#8221;][vc_column_text]<i>Per informazioni pi\u00f9 dettagliate consultate le <\/i><a href=\"https:\/\/www.iubenda.com\/privacy-policy\/97809331\/legal\"><i>Condizioni generali d&#8217;uso.<\/i><\/a>[\/vc_column_text][\/vc_column][\/vc_row][vc_row][vc_column][vc_column_text][\/vc_column_text][\/vc_column][\/vc_row]<\/p>\n<\/div>","protected":false},"excerpt":{"rendered":"<p>[vc_row css=&#8221;.vc_custom_1486465845131{padding-top: 44px !important;padding-bottom: 42px !important;}&#8221;][vc_column css=&#8221;.vc_custom_1486465801641{padding-right: 5% !important;}&#8221; offset=&#8221;vc_col-lg-6&#8243;][vc_column_text] INFORMAZIONI SU PAGAMENTI E SPEDIZIONI [\/vc_column_text][vc_empty_space height=&#8221;20px&#8221;][vc_column_text]Come ordinare[\/vc_column_text][vc_column_text]I libri in catalogo possono essere ordinati sul sito attraverso il carrello, oppure inviando una e-mail a sales@poltronova.it.[\/vc_column_text][vc_empty_space height=&#8221;20px&#8221;][vc_column_text]Dove spediamo[\/vc_column_text][vc_column_text]Spediamo in tutto il [&hellip;]<\/p>\n","protected":false},"author":651,"featured_media":0,"parent":0,"menu_order":1,"comment_status":"closed","ping_status":"closed","template":"","meta":{"footnotes":""},"page-category":[],"class_list":["post-30163","page","type-page","status-publish","hentry"],"yoast_head":"<!-- This site is optimized with the Yoast SEO plugin v27.4 - https:\/\/yoast.com\/product\/yoast-seo-wordpress\/ -->\n<title>Vendita Online - Termini e Condizioni &#8212; Poltronova<\/title>\n<meta name=\"robots\" content=\"index, follow, max-snippet:-1, max-image-preview:large, max-video-preview:-1\" \/>\n<link rel=\"canonical\" href=\"https:\/\/www.poltronova.it\/it\/vendita-online-termini-e-condizioni\/\" \/>\n<meta property=\"og:locale\" content=\"it_IT\" \/>\n<meta property=\"og:type\" content=\"article\" \/>\n<meta property=\"og:title\" content=\"Vendita Online - Termini e Condizioni &#8212; Poltronova\" \/>\n<meta property=\"og:description\" content=\"[vc_row css=&#8221;.vc_custom_1486465845131{padding-top: 44px !important;padding-bottom: 42px !important;}&#8221;][vc_column css=&#8221;.vc_custom_1486465801641{padding-right: 5% !important;}&#8221; offset=&#8221;vc_col-lg-6&#8243;][vc_column_text] INFORMAZIONI SU PAGAMENTI E SPEDIZIONI [\/vc_column_text][vc_empty_space height=&#8221;20px&#8221;][vc_column_text]Come ordinare[\/vc_column_text][vc_column_text]I libri in catalogo possono essere ordinati sul sito attraverso il carrello, oppure inviando una e-mail a sales@poltronova.it.[\/vc_column_text][vc_empty_space height=&#8221;20px&#8221;][vc_column_text]Dove spediamo[\/vc_column_text][vc_column_text]Spediamo in tutto il [&hellip;]\" \/>\n<meta property=\"og:url\" content=\"https:\/\/www.poltronova.it\/it\/vendita-online-termini-e-condizioni\/\" \/>\n<meta property=\"og:site_name\" content=\"Poltronova\" \/>\n<meta property=\"article:publisher\" content=\"https:\/\/www.facebook.com\/poltronova\" \/>\n<meta property=\"article:modified_time\" content=\"2021-04-27T15:35:40+00:00\" \/>\n<meta name=\"twitter:card\" content=\"summary_large_image\" \/>\n<meta name=\"twitter:site\" content=\"@cspoltronova\" \/>\n<meta name=\"twitter:label1\" content=\"Tempo di lettura stimato\" \/>\n\t<meta name=\"twitter:data1\" content=\"2 minuti\" \/>\n<script type=\"application\/ld+json\" class=\"yoast-schema-graph\">{\"@context\":\"https:\\\/\\\/schema.org\",\"@graph\":[{\"@type\":\"WebPage\",\"@id\":\"https:\\\/\\\/www.poltronova.it\\\/it\\\/vendita-online-termini-e-condizioni\\\/\",\"url\":\"https:\\\/\\\/www.poltronova.it\\\/it\\\/vendita-online-termini-e-condizioni\\\/\",\"name\":\"Vendita Online - Termini e Condizioni &#8212; Poltronova\",\"isPartOf\":{\"@id\":\"https:\\\/\\\/www.poltronova.it\\\/#website\"},\"datePublished\":\"2017-09-14T02:08:02+00:00\",\"dateModified\":\"2021-04-27T15:35:40+00:00\",\"breadcrumb\":{\"@id\":\"https:\\\/\\\/www.poltronova.it\\\/it\\\/vendita-online-termini-e-condizioni\\\/#breadcrumb\"},\"inLanguage\":\"it-IT\",\"potentialAction\":[{\"@type\":\"ReadAction\",\"target\":[\"https:\\\/\\\/www.poltronova.it\\\/it\\\/vendita-online-termini-e-condizioni\\\/\"]}]},{\"@type\":\"BreadcrumbList\",\"@id\":\"https:\\\/\\\/www.poltronova.it\\\/it\\\/vendita-online-termini-e-condizioni\\\/#breadcrumb\",\"itemListElement\":[{\"@type\":\"ListItem\",\"position\":1,\"name\":\"Home\",\"item\":\"https:\\\/\\\/www.poltronova.it\\\/it\\\/\"},{\"@type\":\"ListItem\",\"position\":2,\"name\":\"Vendita Online &#8211; Termini e Condizioni\"}]},{\"@type\":\"WebSite\",\"@id\":\"https:\\\/\\\/www.poltronova.it\\\/#website\",\"url\":\"https:\\\/\\\/www.poltronova.it\\\/\",\"name\":\"Poltronova\",\"description\":\"The Dream Factory\",\"publisher\":{\"@id\":\"https:\\\/\\\/www.poltronova.it\\\/#organization\"},\"potentialAction\":[{\"@type\":\"SearchAction\",\"target\":{\"@type\":\"EntryPoint\",\"urlTemplate\":\"https:\\\/\\\/www.poltronova.it\\\/?s={search_term_string}\"},\"query-input\":{\"@type\":\"PropertyValueSpecification\",\"valueRequired\":true,\"valueName\":\"search_term_string\"}}],\"inLanguage\":\"it-IT\"},{\"@type\":\"Organization\",\"@id\":\"https:\\\/\\\/www.poltronova.it\\\/#organization\",\"name\":\"Poltronova\",\"url\":\"https:\\\/\\\/www.poltronova.it\\\/\",\"logo\":{\"@type\":\"ImageObject\",\"inLanguage\":\"it-IT\",\"@id\":\"https:\\\/\\\/www.poltronova.it\\\/#\\\/schema\\\/logo\\\/image\\\/\",\"url\":\"https:\\\/\\\/www.poltronova.it\\\/wp-content\\\/uploads\\\/2024\\\/01\\\/Poltronova-trademark.png\",\"contentUrl\":\"https:\\\/\\\/www.poltronova.it\\\/wp-content\\\/uploads\\\/2024\\\/01\\\/Poltronova-trademark.png\",\"width\":1135,\"height\":1135,\"caption\":\"Poltronova\"},\"image\":{\"@id\":\"https:\\\/\\\/www.poltronova.it\\\/#\\\/schema\\\/logo\\\/image\\\/\"},\"sameAs\":[\"https:\\\/\\\/www.facebook.com\\\/poltronova\",\"https:\\\/\\\/x.com\\\/cspoltronova\",\"http:\\\/\\\/iconosquare.com\\\/viewer.php#\\\/tag\\\/cspoltronova\\\/\",\"http:\\\/\\\/www.pinterest.com\\\/CSPoltronova\\\/\",\"https:\\\/\\\/www.instagram.com\\\/poltronova\",\"https:\\\/\\\/www.vimeo.com\\\/poltronova\",\"https:\\\/\\\/www.youtube.com\\\/poltronova\",\"https:\\\/\\\/www.tiktok.com\\\/@poltronova\"]}]}<\/script>\n<!-- \/ Yoast SEO plugin. -->","yoast_head_json":{"title":"Vendita Online - Termini e Condizioni &#8212; Poltronova","robots":{"index":"index","follow":"follow","max-snippet":"max-snippet:-1","max-image-preview":"max-image-preview:large","max-video-preview":"max-video-preview:-1"},"canonical":"https:\/\/www.poltronova.it\/it\/vendita-online-termini-e-condizioni\/","og_locale":"it_IT","og_type":"article","og_title":"Vendita Online - Termini e Condizioni &#8212; Poltronova","og_description":"[vc_row css=&#8221;.vc_custom_1486465845131{padding-top: 44px !important;padding-bottom: 42px !important;}&#8221;][vc_column css=&#8221;.vc_custom_1486465801641{padding-right: 5% !important;}&#8221; offset=&#8221;vc_col-lg-6&#8243;][vc_column_text] INFORMAZIONI SU PAGAMENTI E SPEDIZIONI [\/vc_column_text][vc_empty_space height=&#8221;20px&#8221;][vc_column_text]Come ordinare[\/vc_column_text][vc_column_text]I libri in catalogo possono essere ordinati sul sito attraverso il carrello, oppure inviando una e-mail a sales@poltronova.it.[\/vc_column_text][vc_empty_space height=&#8221;20px&#8221;][vc_column_text]Dove spediamo[\/vc_column_text][vc_column_text]Spediamo in tutto il [&hellip;]","og_url":"https:\/\/www.poltronova.it\/it\/vendita-online-termini-e-condizioni\/","og_site_name":"Poltronova","article_publisher":"https:\/\/www.facebook.com\/poltronova","article_modified_time":"2021-04-27T15:35:40+00:00","twitter_card":"summary_large_image","twitter_site":"@cspoltronova","twitter_misc":{"Tempo di lettura stimato":"2 minuti"},"schema":{"@context":"https:\/\/schema.org","@graph":[{"@type":"WebPage","@id":"https:\/\/www.poltronova.it\/it\/vendita-online-termini-e-condizioni\/","url":"https:\/\/www.poltronova.it\/it\/vendita-online-termini-e-condizioni\/","name":"Vendita Online - Termini e Condizioni &#8212; Poltronova","isPartOf":{"@id":"https:\/\/www.poltronova.it\/#website"},"datePublished":"2017-09-14T02:08:02+00:00","dateModified":"2021-04-27T15:35:40+00:00","breadcrumb":{"@id":"https:\/\/www.poltronova.it\/it\/vendita-online-termini-e-condizioni\/#breadcrumb"},"inLanguage":"it-IT","potentialAction":[{"@type":"ReadAction","target":["https:\/\/www.poltronova.it\/it\/vendita-online-termini-e-condizioni\/"]}]},{"@type":"BreadcrumbList","@id":"https:\/\/www.poltronova.it\/it\/vendita-online-termini-e-condizioni\/#breadcrumb","itemListElement":[{"@type":"ListItem","position":1,"name":"Home","item":"https:\/\/www.poltronova.it\/it\/"},{"@type":"ListItem","position":2,"name":"Vendita Online &#8211; Termini e Condizioni"}]},{"@type":"WebSite","@id":"https:\/\/www.poltronova.it\/#website","url":"https:\/\/www.poltronova.it\/","name":"Poltronova","description":"The Dream Factory","publisher":{"@id":"https:\/\/www.poltronova.it\/#organization"},"potentialAction":[{"@type":"SearchAction","target":{"@type":"EntryPoint","urlTemplate":"https:\/\/www.poltronova.it\/?s={search_term_string}"},"query-input":{"@type":"PropertyValueSpecification","valueRequired":true,"valueName":"search_term_string"}}],"inLanguage":"it-IT"},{"@type":"Organization","@id":"https:\/\/www.poltronova.it\/#organization","name":"Poltronova","url":"https:\/\/www.poltronova.it\/","logo":{"@type":"ImageObject","inLanguage":"it-IT","@id":"https:\/\/www.poltronova.it\/#\/schema\/logo\/image\/","url":"https:\/\/www.poltronova.it\/wp-content\/uploads\/2024\/01\/Poltronova-trademark.png","contentUrl":"https:\/\/www.poltronova.it\/wp-content\/uploads\/2024\/01\/Poltronova-trademark.png","width":1135,"height":1135,"caption":"Poltronova"},"image":{"@id":"https:\/\/www.poltronova.it\/#\/schema\/logo\/image\/"},"sameAs":["https:\/\/www.facebook.com\/poltronova","https:\/\/x.com\/cspoltronova","http:\/\/iconosquare.com\/viewer.php#\/tag\/cspoltronova\/","http:\/\/www.pinterest.com\/CSPoltronova\/","https:\/\/www.instagram.com\/poltronova","https:\/\/www.vimeo.com\/poltronova","https:\/\/www.youtube.com\/poltronova","https:\/\/www.tiktok.com\/@poltronova"]}]}},"_links":{"self":[{"href":"https:\/\/www.poltronova.it\/it\/wp-json\/wp\/v2\/pages\/30163","targetHints":{"allow":["GET"]}}],"collection":[{"href":"https:\/\/www.poltronova.it\/it\/wp-json\/wp\/v2\/pages"}],"about":[{"href":"https:\/\/www.poltronova.it\/it\/wp-json\/wp\/v2\/types\/page"}],"author":[{"embeddable":true,"href":"https:\/\/www.poltronova.it\/it\/wp-json\/wp\/v2\/users\/651"}],"replies":[{"embeddable":true,"href":"https:\/\/www.poltronova.it\/it\/wp-json\/wp\/v2\/comments?post=30163"}],"version-history":[{"count":0,"href":"https:\/\/www.poltronova.it\/it\/wp-json\/wp\/v2\/pages\/30163\/revisions"}],"wp:attachment":[{"href":"https:\/\/www.poltronova.it\/it\/wp-json\/wp\/v2\/media?parent=30163"}],"wp:term":[{"taxonomy":"page-category","embeddable":true,"href":"https:\/\/www.poltronova.it\/it\/wp-json\/wp\/v2\/page-category?post=30163"}],"curies":[{"name":"wp","href":"https:\/\/api.w.org\/{rel}","templated":true}]}}